{"id":272,"date":"2019-12-09T11:16:39","date_gmt":"2019-12-09T10:16:39","guid":{"rendered":"http:\/\/abianchidesign.com\/roboticminds\/?page_id=272"},"modified":"2021-10-20T12:14:03","modified_gmt":"2021-10-20T12:14:03","slug":"progetti-2","status":"publish","type":"page","link":"https:\/\/www.roboticminds.ch\/?page_id=272","title":{"rendered":"Progetti"},"content":{"rendered":"<div id=\"themify_builder_content-272\" data-postid=\"272\" class=\"themify_builder_content themify_builder_content-272 themify_builder\">\n    \t<!-- module_row -->\n\t<div  class=\"themify_builder_row module_row clearfix wow bounce module_row_0 themify_builder_272_row module_row_272-0 tb_eu69319\">\n\t    \t    <div class=\"row_inner col_align_top\" >\n\t\t\t<div  class=\"module_column tb-column col4-2 first tb_272_column module_column_0 module_column_272-0-0 tb_vsb0319\" >\n\t    \t    \t        <div class=\"tb-column-inner\">\n\t\t        <!-- module image -->\n    <div  class=\"module module-image image-272-0-0-0 bordered image-card-layout   tb_z98n319\">\n\t                <div class=\"image-wrap\">\n                            <img loading=\"lazy\" src=\"https:\/\/www.roboticminds.ch\/wp-content\/uploads\/2021\/10\/FLL-Cargo-Connect-1-400x200.png\" width=\"400\" height=\"200\" class=\" wp-post-image wp-image-538\" alt=\"FLL-Cargo-Connect (1)\" \/>            \n                        <\/div>\n            <!-- \/image-wrap -->\n        \n        \n        <\/div>\n    <!-- \/module image -->\n<!-- module text -->\n<div  class=\"module module-text text-272-0-0-1     tb_l71t319\">\n                <h3 class=\"module-title\">Tema Stagione 2021 \u2013 2022 First Lego League: Cargo Connect<\/h3>        <div  class=\"tb_text_wrap\">\n    <p><b>CARGO CONNECT<\/b>\u00a0\u2013 questo \u00e8 il tema della stagione 2021\/2022! Come saranno i collegamenti del futuro? Lo scopriremo grazie al lavoro delle squadre in gara.<br \/><br \/>Come ogni anno, il tema scelto dalla giuria di \u201cFirst Lego League\u201d \u00e8 basato su un tema scientifico e reale. \u201cCargo Connect\u201d \u00e8 il tema di quest\u2019anno, e grazie al progetto Roboticminds di ated4kids dedicato a ragazze e ragazzi dai 9 ai 16 anni, i ragazzi hanno la possibilit\u00e0 di sperimentare il cosiddetto \u201clearning by doing, ovvero di \u201cimparare facendo\u201d direttamente sul campo, e di allenare il \u201cproblem-solving\u201d, una competenza fondamentale per il futuro.<br \/><br \/>Il progetto \u201cCargo Connect\u201d offre ai ragazzi la possibilit\u00e0 di diventare scienziati e ingegneri per affrontare un tema attuale e che riguarda tutti, vincere la sfida climatica che abbiamo di fronte. Le squadre Smilebots e Smilebots Junior grazie al lavoro di gruppo svilupperanno nuovi modi per implementare la mobilit\u00e0 sostenibile grazia alla tecnologica.<br \/><br \/>Cos\u2019\u00e8 la\u00a0<a href=\"https:\/\/www.firstlegoleague.org\/\" target=\"_blank\" rel=\"noopener\">First Lego League<\/a>?<br \/><br \/>\u00c8 un\u2019emozionante sfida internazionale di robotica che si svolge ogni anno allo scopo di stimolare bambini e giovani ragazzi a sviluppare la capacit\u00e0 di lavorare in gruppo in un ambiente di competizione, a creare nuovi metodi di apprendimento e ad accrescere la fiducia in se stessi.<br \/><br \/>La preparazione per la \u201cFirst Lego League\u201d \u00e8 composta da due parti: la progettazione e costruzione esclusivamente con pezzi Lego di robot autonomi che siano in grado di svolgere un certo numero di missioni stabilite, e la realizzazione e presentazione di un progetto di ricerca volto a trovare soluzioni innovative a tematiche di reale interesse.<br \/><br \/>Le squadre che passeranno le selezioni dei tornei regionali il 05 febbraio 2022 avranno la possibilit\u00e0 di partecipare alla semifinale ad aprile 2022, e alla Finale dell\u2019Europa centrale a maggio 2022.<br \/><br \/><b>Il nostro obiettivo \u00e8 quelli di tornare alle finali mondiali!<\/b><\/p>\n<p>\u00a0<\/p>    <\/div>\n<\/div>\n<!-- \/module text -->\n\n    <!-- module video -->\n    <div  class=\"module module-video video-272-0-0-2 video-top    tb_78ma319\">\n\t                <div class=\"video-wrap\">\n\t    <iframe title=\"CARGO CONNECT Season Teaser\" width=\"1165\" height=\"655\" src=\"https:\/\/www.youtube.com\/embed\/zUJ84gO1Z7g?feature=oembed\"  allow=\"accelerometer; autoplay; clipboard-write; encrypted-media; gyroscope; picture-in-picture; web-share\" referrerpolicy=\"strict-origin-when-cross-origin\" allowfullscreen><\/iframe>        <\/div>\n        <!-- \/video-wrap -->\n\n            <\/div>\n    <!-- \/module video -->\n    \t        <\/div>\n\t    \t<\/div>\n\t\t<div  class=\"module_column tb-column col4-2 last tb_272_column module_column_1 module_column_272-0-1 tb_srwm319\" >\n\t    \t    \t        <div class=\"tb-column-inner\">\n\t\t        <!-- module image -->\n    <div  class=\"module module-image image-272-0-1-0 bordered image-card-layout   tb_53vw319\">\n\t                <div class=\"image-wrap\">\n                            <img loading=\"lazy\" src=\"https:\/\/www.roboticminds.ch\/wp-content\/uploads\/2021\/10\/177499860_1175048592947527_330524675127185148_n-1024x390-400x200.jpg\" width=\"400\" height=\"200\" class=\" wp-post-image wp-image-539\" alt=\"177499860_1175048592947527_330524675127185148_n\" \/>            \n                        <\/div>\n            <!-- \/image-wrap -->\n        \n        \n        <\/div>\n    <!-- \/module image -->\n<!-- module text -->\n<div  class=\"module module-text text-272-0-1-1     tb_3fpl319\">\n                <h3 class=\"module-title\">Tema Stagione 2021 \u2013 2022 First Global Challenge: Discover & Recover<\/h3>        <div  class=\"tb_text_wrap\">\n    <p class=\"mt-20\"><b>DISCOVER &#038; RECOVER<\/b>\u00a0\u2013 siamo pronti ad affrontare anche questa nuova sfida! Il compito di questa stagione \u00e8 di portare un beneficio nella propria nazione, identificando il problema in quattro categorie: educazione, ambiente, economia e salute e presentare una soluzione usando le STEM.<br \/><br \/>Cos\u2019\u00e8 la\u00a0<a href=\"https:\/\/first.global\/\" target=\"_blank\" rel=\"noopener\">FIRST Global Challenge<\/a>?<br \/><br \/>La FIRST Global Challenge \u00e8 una competizione di robotica a livello globale, in stile olimpico, che vede partecipare squadre di ragazze e ragazzi tra i 14 e 18 anni provenienti da pi\u00f9 di 170 nazioni ogni anno. Ogni nazione viene rappresentata da una squadra, e con grande onore gli Smilebots sono stati invitati a rappresentare la Svizzera!<br \/><br \/>La missione dell\u2019iniziativa, con l\u2019ausilio delle competenze STEM (scienza, tecnologia, ingegneria e matematica), \u00e8 di ispirare e connettere i giovani di tutto il mondo. I team in competizione acquisiscono fiducia in s\u00e9 stessi, competenze trasversali, immaginazione, coraggio e una visione pi\u00f9 ampia diventando i leader di domani.<br \/><br \/>FIRST (For Inspiration and Recognition of Science and Technology) Global si impegna a convincere le organizzazioni e governi mondiali ad avvicinarsi all\u2019educazione STEM e di supportare i giovani adulti che vogliono lasciare il segno.<br \/><br \/>La squadra Smilebots contribuir\u00e0 a questa iniziativa rappresentando a testa alta la Svizzera e contribuendo allo scopo dell\u2019organizzazione FIRST!<br \/><br \/>La prima gara si \u00e8 disputata il 26 Settembre, non perdetevi le sfide del 2022!<\/p>\n<div class=\"col-md-12 embed-responsive embed-responsive-16by9 mtb-40\">\n<div class=\"mtb-30\"><iframe loading=\"lazy\" title=\"YouTube video player\" src=\"https:\/\/www.youtube.com\/embed\/qMLNDFObn40\" width=\"560\" height=\"315\" frameborder=\"0\" allowfullscreen=\"allowfullscreen\" data-mce-fragment=\"1\"><\/iframe><\/div>\n<\/div>    <\/div>\n<\/div>\n<!-- \/module text -->\n\t        <\/div>\n\t    \t<\/div>\n\t\t    <\/div>\n\t    <!-- \/row_inner -->\n\t<\/div>\n\t<!-- \/module_row -->\n\t<\/div>\n","protected":false},"excerpt":{"rendered":"<p>Tema Stagione 2021 \u2013 2022 First Lego League: Cargo Connect CARGO CONNECT\u00a0\u2013 questo \u00e8 il tema della stagione 2021\/2022! Come saranno i collegamenti del futuro? Lo scopriremo grazie al lavoro delle squadre in gara. Come ogni anno, il tema scelto dalla giuria di \u201cFirst Lego League\u201d \u00e8 basato su un tema scientifico e reale. \u201cCargo [&hellip;]<\/p>\n","protected":false},"author":1,"featured_media":0,"parent":0,"menu_order":0,"comment_status":"closed","ping_status":"closed","template":"","meta":[],"builder_content":"<img loading=\"lazy\" src=\"https:\/\/www.roboticminds.ch\/wp-content\/uploads\/2021\/10\/FLL-Cargo-Connect-1-400x200.png\" width=\"400\" height=\"200\" alt=\"FLL-Cargo-Connect (1)\" \/>\n<h3>Tema Stagione 2021 \u2013 2022 First Lego League: Cargo Connect<\/h3> <p><b>CARGO CONNECT<\/b>\u00a0\u2013 questo \u00e8 il tema della stagione 2021\/2022! Come saranno i collegamenti del futuro? Lo scopriremo grazie al lavoro delle squadre in gara.<br \/><br \/>Come ogni anno, il tema scelto dalla giuria di \u201cFirst Lego League\u201d \u00e8 basato su un tema scientifico e reale. \u201cCargo Connect\u201d \u00e8 il tema di quest\u2019anno, e grazie al progetto Roboticminds di ated4kids dedicato a ragazze e ragazzi dai 9 ai 16 anni, i ragazzi hanno la possibilit\u00e0 di sperimentare il cosiddetto \u201clearning by doing, ovvero di \u201cimparare facendo\u201d direttamente sul campo, e di allenare il \u201cproblem-solving\u201d, una competenza fondamentale per il futuro.<br \/><br \/>Il progetto \u201cCargo Connect\u201d offre ai ragazzi la possibilit\u00e0 di diventare scienziati e ingegneri per affrontare un tema attuale e che riguarda tutti, vincere la sfida climatica che abbiamo di fronte. Le squadre Smilebots e Smilebots Junior grazie al lavoro di gruppo svilupperanno nuovi modi per implementare la mobilit\u00e0 sostenibile grazia alla tecnologica.<br \/><br \/>Cos\u2019\u00e8 la\u00a0<a href=\"https:\/\/www.firstlegoleague.org\/\" target=\"_blank\" rel=\"noopener\">First Lego League<\/a>?<br \/><br \/>\u00c8 un\u2019emozionante sfida internazionale di robotica che si svolge ogni anno allo scopo di stimolare bambini e giovani ragazzi a sviluppare la capacit\u00e0 di lavorare in gruppo in un ambiente di competizione, a creare nuovi metodi di apprendimento e ad accrescere la fiducia in se stessi.<br \/><br \/>La preparazione per la \u201cFirst Lego League\u201d \u00e8 composta da due parti: la progettazione e costruzione esclusivamente con pezzi Lego di robot autonomi che siano in grado di svolgere un certo numero di missioni stabilite, e la realizzazione e presentazione di un progetto di ricerca volto a trovare soluzioni innovative a tematiche di reale interesse.<br \/><br \/>Le squadre che passeranno le selezioni dei tornei regionali il 05 febbraio 2022 avranno la possibilit\u00e0 di partecipare alla semifinale ad aprile 2022, e alla Finale dell\u2019Europa centrale a maggio 2022.<br \/><br \/><b>Il nostro obiettivo \u00e8 quelli di tornare alle finali mondiali!<\/b><\/p> <p>\u00a0<\/p>\n<iframe title=\"CARGO CONNECT Season Teaser\" width=\"1165\" height=\"655\" src=\"https:\/\/www.youtube.com\/embed\/zUJ84gO1Z7g?feature=oembed\" allow=\"accelerometer; autoplay; clipboard-write; encrypted-media; gyroscope; picture-in-picture; web-share\" referrerpolicy=\"strict-origin-when-cross-origin\" allowfullscreen><\/iframe>\n<img loading=\"lazy\" src=\"https:\/\/www.roboticminds.ch\/wp-content\/uploads\/2021\/10\/177499860_1175048592947527_330524675127185148_n-1024x390-400x200.jpg\" width=\"400\" height=\"200\" alt=\"177499860_1175048592947527_330524675127185148_n\" \/>\n<h3>Tema Stagione 2021 \u2013 2022 First Global Challenge: Discover & Recover<\/h3> <p><b>DISCOVER &amp; RECOVER<\/b>\u00a0\u2013 siamo pronti ad affrontare anche questa nuova sfida! Il compito di questa stagione \u00e8 di portare un beneficio nella propria nazione, identificando il problema in quattro categorie: educazione, ambiente, economia e salute e presentare una soluzione usando le STEM.<br \/><br \/>Cos\u2019\u00e8 la\u00a0<a href=\"https:\/\/first.global\/\" target=\"_blank\" rel=\"noopener\">FIRST Global Challenge<\/a>?<br \/><br \/>La FIRST Global Challenge \u00e8 una competizione di robotica a livello globale, in stile olimpico, che vede partecipare squadre di ragazze e ragazzi tra i 14 e 18 anni provenienti da pi\u00f9 di 170 nazioni ogni anno. Ogni nazione viene rappresentata da una squadra, e con grande onore gli Smilebots sono stati invitati a rappresentare la Svizzera!<br \/><br \/>La missione dell\u2019iniziativa, con l\u2019ausilio delle competenze STEM (scienza, tecnologia, ingegneria e matematica), \u00e8 di ispirare e connettere i giovani di tutto il mondo. I team in competizione acquisiscono fiducia in s\u00e9 stessi, competenze trasversali, immaginazione, coraggio e una visione pi\u00f9 ampia diventando i leader di domani.<br \/><br \/>FIRST (For Inspiration and Recognition of Science and Technology) Global si impegna a convincere le organizzazioni e governi mondiali ad avvicinarsi all\u2019educazione STEM e di supportare i giovani adulti che vogliono lasciare il segno.<br \/><br \/>La squadra Smilebots contribuir\u00e0 a questa iniziativa rappresentando a testa alta la Svizzera e contribuendo allo scopo dell\u2019organizzazione FIRST!<br \/><br \/>La prima gara si \u00e8 disputata il 26 Settembre, non perdetevi le sfide del 2022!<\/p>\n<iframe loading=\"lazy\" title=\"YouTube video player\" src=\"https:\/\/www.youtube.com\/embed\/qMLNDFObn40\" width=\"560\" height=\"315\" frameborder=\"0\" allowfullscreen=\"allowfullscreen\" data-mce-fragment=\"1\"><\/iframe>","_links":{"self":[{"href":"https:\/\/www.roboticminds.ch\/index.php?rest_route=\/wp\/v2\/pages\/272"}],"collection":[{"href":"https:\/\/www.roboticminds.ch\/index.php?rest_route=\/wp\/v2\/pages"}],"about":[{"href":"https:\/\/www.roboticminds.ch\/index.php?rest_route=\/wp\/v2\/types\/page"}],"author":[{"embeddable":true,"href":"https:\/\/www.roboticminds.ch\/index.php?rest_route=\/wp\/v2\/users\/1"}],"replies":[{"embeddable":true,"href":"https:\/\/www.roboticminds.ch\/index.php?rest_route=%2Fwp%2Fv2%2Fcomments&post=272"}],"version-history":[{"count":5,"href":"https:\/\/www.roboticminds.ch\/index.php?rest_route=\/wp\/v2\/pages\/272\/revisions"}],"predecessor-version":[{"id":551,"href":"https:\/\/www.roboticminds.ch\/index.php?rest_route=\/wp\/v2\/pages\/272\/revisions\/551"}],"wp:attachment":[{"href":"https:\/\/www.roboticminds.ch\/index.php?rest_route=%2Fwp%2Fv2%2Fmedia&parent=272"}],"curies":[{"name":"wp","href":"https:\/\/api.w.org\/{rel}","templated":true}]}}